{"id":6710,"date":"2024-07-22T19:13:46","date_gmt":"2024-07-22T19:13:46","guid":{"rendered":"https:\/\/dsc2024.duthu.net:443\/?page_id=6710"},"modified":"2026-03-22T16:21:49","modified_gmt":"2026-03-22T16:21:49","slug":"program-committee","status":"publish","type":"page","link":"https:\/\/iccies.tdtu.edu.vn\/2026\/program-committee\/","title":{"rendered":"Program Committee"},"content":{"rendered":"\n<h1 class=\"wp-block-heading has-text-align-center\">Program Committee<\/h1>\n\n\n\n<div class=\"wp-block-columns is-layout-flex wp-container-core-columns-is-layout-1 wp-block-columns-is-layout-flex\">\n<div class=\"wp-block-column is-layout-flow wp-block-column-is-layout-flow\">\n<ul class=\"wp-block-list\">\n<li><strong>Ngoc-Thanh Nguyen<\/strong>, Wroc\u0142aw University of Technology, Poland<\/li>\n\n\n\n<li><strong>Anh-Cuong Le<\/strong>, Ton Duc Thang University, Vietnam<\/li>\n\n\n\n<li><strong>Phu Tran Tin<\/strong>, Ton Duc Thang University, Vietnam<\/li>\n\n\n\n<li><strong>Krystian Wojtkiewic<\/strong>, Wroc\u0142aw University of Science and Technology, Poland<\/li>\n\n\n\n<li><strong>Tran Trung Duy<\/strong>, Posts and Telecommunications Institute of Technology, Vietnam<\/li>\n\n\n\n<li><strong>Ngoc Phien Nguyen<\/strong>, Ton Duc Thang University, Vietnam<\/li>\n\n\n\n<li><strong>Minh-Thanh Ta<\/strong>, Le Quy Don University, Vietnam<\/li>\n\n\n\n<li><strong>Tzung-Pei Hong<\/strong>, National University of Kaohsiung, Taiwan<\/li>\n\n\n\n<li><strong>Yannis Manolopoulos<\/strong>, University of York, Europe Campus, Thessaloniki, Greece<\/li>\n\n\n\n<li><strong>Nhien An Le Khac<\/strong>, University College Dublin, Ireland<\/li>\n\n\n\n<li><strong>Van-Nam Huynh<\/strong>, Japan Advanced Institute of Science and Technology (JAIST), Japan<\/li>\n\n\n\n<li><strong>Lam-Thanh Tu<\/strong>, Ton Duc Thang University, Vietnam<\/li>\n\n\n\n<li><strong>Van Huy Pham<\/strong>, University of Management and Technology, Vietnam<\/li>\n\n\n\n<li><strong>Nguyen Son Vo<\/strong>, Duy Tan University, Vietnam<\/li>\n\n\n\n<li><strong>Miroslav Voznak<\/strong>, Technical University of Ostrava, Czech Republic<\/li>\n\n\n\n<li><strong>Costin Badica<\/strong>, University of Craiova, Romania<\/li>\n\n\n\n<li><strong>Yeong-Tae Song<\/strong>, Towson University, Maryland, USA<\/li>\n\n\n\n<li><strong>Katarzyna Szwedziak<\/strong>, Akademia Nauk Stosowanych Angelusa Silesiusa, Poland<\/li>\n\n\n\n<li><strong>Petr Dole\u017eal<\/strong>, Mendel University in Brno, Czech Republic<\/li>\n\n\n\n<li><strong>Long H. Buu Nguyen<\/strong>, University of Science, Ho Chi Minh City, Vietnam<\/li>\n\n\n\n<li><strong>Sinh Nguyen<\/strong>, International University \u2013 Vietnam National University of HCM City, Vietnam<\/li>\n\n\n\n<li><strong>Marek Kr\u00f3tkiewicz<\/strong>, Wroclaw University of Science and Technology, Poland<\/li>\n\n\n\n<li><strong>Thai-Nghe Nguyen<\/strong>, Can Tho University, Vietnam<\/li>\n\n\n\n<li><strong>Keun Ho Ryu<\/strong>, Chungbuk National University, Korea<\/li>\n\n\n\n<li><strong>Choi Min<\/strong>, Chungbuk National University, Korea<\/li>\n\n\n\n<li><strong>Jeasung Sim<\/strong>, Commonwealth University of Pennsylvania, USA<\/li>\n\n\n\n<li><strong>Vu Tri Vien<\/strong>, Ton Duc Thang University, Vietnam<\/li>\n\n\n\n<li><strong>Nguyen Hoang Nam<\/strong>, Ton Duc Thang University, Vietnam<\/li>\n\n\n\n<li><strong>Thanh-Ngo Nguyen<\/strong>, Wroc\u0142aw University of Science and Technology, Poland<\/li>\n\n\n\n<li><strong>Tho Quan<\/strong>, Ho Chi Minh City University of Technology, Vietnam<\/li>\n\n\n\n<li><strong>Paulo Quaresma<\/strong>, University of \u00c9vora, Portugal<\/li>\n\n\n\n<li><strong>Marcin Jod\u0142owiec<\/strong>, Wroclaw University of Science and Technology, Poland<\/li>\n\n\n\n<li><strong>Manuel N\u00fa\u00f1ez<\/strong>, Complutense University of Madrid, Spain<\/li>\n\n\n\n<li><strong>Farouk Yalaoui<\/strong>, University of Technology of Troyes, France<\/li>\n\n\n\n<li><strong>T\u00fclay Y\u0131ld\u0131r\u0131m<\/strong>, Y\u0131ld\u0131z Teknik \u00dcniversitesi, Turkey<\/li>\n\n\n\n<li><strong>Gautam Srivastava<\/strong>, Brandon University, Canada<\/li>\n\n\n\n<li><strong>Isan Sahoo<\/strong>, Oracle Corporation, USA<\/li>\n\n\n\n<li><strong>Peter Br\u00edda<\/strong>, University of \u017dilina, Slovakia<\/li>\n\n\n\n<li><strong>Sowjanya Karri<\/strong>, Oracle America Inc., USA<\/li>\n\n\n\n<li><strong>Balaji Ingole<\/strong>, Gainwell Technologies LLC, USA<\/li>\n\n\n\n<li><strong>Viraj Soni<\/strong>, Merrick Bank, USA<\/li>\n\n\n\n<li><strong>Kathiresan Jayabalan<\/strong>, Mastercard International, USA<\/li>\n<\/ul>\n<\/div>\n<\/div>\n\n\n\n<p><\/p>\n","protected":false},"excerpt":{"rendered":"<p>Program Committee<\/p>\n","protected":false},"author":1,"featured_media":0,"parent":0,"menu_order":0,"comment_status":"closed","ping_status":"closed","template":"page-templates\/no-title.php","meta":{"footnotes":""},"class_list":["post-6710","page","type-page","status-publish","hentry"],"featured_media_urls":[],"_links":{"self":[{"href":"https:\/\/iccies.tdtu.edu.vn\/2026\/wp-json\/wp\/v2\/pages\/6710"}],"collection":[{"href":"https:\/\/iccies.tdtu.edu.vn\/2026\/wp-json\/wp\/v2\/pages"}],"about":[{"href":"https:\/\/iccies.tdtu.edu.vn\/2026\/wp-json\/wp\/v2\/types\/page"}],"author":[{"embeddable":true,"href":"https:\/\/iccies.tdtu.edu.vn\/2026\/wp-json\/wp\/v2\/users\/1"}],"replies":[{"embeddable":true,"href":"https:\/\/iccies.tdtu.edu.vn\/2026\/wp-json\/wp\/v2\/comments?post=6710"}],"version-history":[{"count":19,"href":"https:\/\/iccies.tdtu.edu.vn\/2026\/wp-json\/wp\/v2\/pages\/6710\/revisions"}],"predecessor-version":[{"id":7942,"href":"https:\/\/iccies.tdtu.edu.vn\/2026\/wp-json\/wp\/v2\/pages\/6710\/revisions\/7942"}],"wp:attachment":[{"href":"https:\/\/iccies.tdtu.edu.vn\/2026\/wp-json\/wp\/v2\/media?parent=6710"}],"curies":[{"name":"wp","href":"https:\/\/api.w.org\/{rel}","templated":true}]}}