{"id":6710,"date":"2024-07-22T19:13:46","date_gmt":"2024-07-22T19:13:46","guid":{"rendered":"https:\/\/dsc2024.duthu.net:443\/?page_id=6710"},"modified":"2025-05-28T04:30:13","modified_gmt":"2025-05-28T04:30:13","slug":"program-committee","status":"publish","type":"page","link":"https:\/\/iccies.tdtu.edu.vn\/2025\/program-committee\/","title":{"rendered":"Program Committee"},"content":{"rendered":"\n<h1 class=\"wp-block-heading has-text-align-center\">Program Committee<\/h1>\n\n\n\n<div class=\"wp-block-columns is-layout-flex wp-container-core-columns-is-layout-1 wp-block-columns-is-layout-flex\">\n<div class=\"wp-block-column is-layout-flow wp-block-column-is-layout-flow\">\n<ul class=\"wp-block-list\">\n<li><strong>Anh Cuong Le<\/strong>, Ton Duc Thang University, Ho Chi Minh City, Vietnam.<\/li>\n\n\n\n<li><strong>Ngoc-Thanh Nguyen<\/strong>, Wroclaw University of Technology, Poland.<\/li>\n\n\n\n<li><strong>Pham Van Huy<\/strong>, Ton Duc Thang University, Ho Chi Minh City, Vietnam.<\/li>\n\n\n\n<li><strong>Thanh Ngo Nguyen<\/strong>, Wroc\u0142aw University of Science and Technology, Poland.<\/li>\n\n\n\n<li><strong>Adil Bilal<\/strong>, The University of Melbourne, Australia.<\/li>\n\n\n\n<li><strong>Dariusz Krol<\/strong>, Wroclaw University of Science and Technology, Poland.<\/li>\n\n\n\n<li><strong>Doina Logofatu<\/strong>, Frankfurt University of Applied Sciences, Germany.<\/li>\n\n\n\n<li><strong>Tran Trung Duy<\/strong>, Posts and Telecommunications Institute of Technology, Vietnam.<\/li>\n\n\n\n<li><strong>Dosam Hwang<\/strong>, Yeungnam University, Korea.<\/li>\n\n\n\n<li><strong>Jan Treur<\/strong>, VU University, Amsterdam, Netherlands.<\/li>\n\n\n\n<li><strong>Jerry Chun-Wei Lin<\/strong>, Silesian University of Technology, Poland.<\/li>\n\n\n\n<li><strong>Kazimierz Choro\u015b<\/strong>, Wroclaw University of Science and Technology, Poland.<\/li>\n\n\n\n<li><strong>Kouichi Hirata<\/strong>, Kyushu Institute of Technology, Japan.<\/li>\n\n\n\n<li><strong>Krystian Wojtkiewicz<\/strong>, Wroclaw University of Science and Technology, Poland.<\/li>\n\n\n\n<li><strong>Lam-Thanh Tu<\/strong>, Ton Duc Thang University, Vietnam.<\/li>\n\n\n\n<li><strong>Manuel N\u00fa\u00f1ez<\/strong>, Complutense University of Madrid, Spain.<\/li>\n\n\n\n<li><strong>Marcin Hernes<\/strong>, Wroclaw University of Economics and Business, Poland.<\/li>\n\n\n\n<li><strong>Marcin Pietranik<\/strong>, Wroclaw University of Science and Technology, Poland.<\/li>\n\n\n\n<li><strong>Marek Kr\u00f3tkiewicz<\/strong>, Wroclaw University of Science and Technology, Poland.<\/li>\n\n\n\n<li><strong>Michal Wozniak<\/strong>, University of Wroclaw, Poland.<\/li>\n\n\n\n<li><strong>Radu-Emil Precup<\/strong>, Politehnica University of Timisoara, Romania.<\/li>\n\n\n\n<li><strong>Rafa\u0142 Palak<\/strong>, Yeungnam University, Korea.<\/li>\n\n\n\n<li><strong>Sinh Nguyen<\/strong>,\u00a0International University \u2013 Vietnam National University of HCM City, Vietnam.<\/li>\n\n\n\n<li><strong>Thai-Nghe Nguyen<\/strong>, Can Tho University, Vietnam<\/li>\n\n\n\n<li><strong>T\u00fclay Y\u0131ld\u0131r\u0131m<\/strong>, Y\u0131ld\u0131z Teknik \u00dcniversitesi, Turkey.<\/li>\n\n\n\n<li><strong>Tzung-Pei Hong<\/strong>, National University of Kaohsiung, Taiwan.<\/li>\n\n\n\n<li><strong>Van-Dung Hoang<\/strong>, Ho Chi Minh City University of Technology and Education, Vietnam<\/li>\n\n\n\n<li><strong>Vesna Zeljkovic<\/strong>, Lincoln University, England.<\/li>\n\n\n\n<li><strong>Wen-Yang Lin<\/strong>, National University of Kaohsiung, Taiwan.<\/li>\n\n\n\n<li><strong>Yannis Manolopoulos<\/strong>, Aristotle University of Thessaloniki, Greece.<\/li>\n\n\n\n<li><strong>Yasufumi Takama<\/strong>, Tokyo Metropolitan University, Japan.<\/li>\n\n\n\n<li><strong>Zuzana Kominkova Oplatkova<\/strong>, Tomas Bata University in Zlin, Czech Republic.<\/li>\n\n\n\n<li><strong>Bharat Singh<\/strong>, Big Data Labs, Germany.<\/li>\n\n\n\n<li><strong>Dalia Kriksciuniene<\/strong>, Vilnius university, Lithuania. Tran Tin Phu, Ton Duc Thang University, Ho Chi Minh City, Vietnam.<\/li>\n<\/ul>\n<\/div>\n<\/div>\n\n\n\n<p><\/p>\n","protected":false},"excerpt":{"rendered":"<p>Program Committee<\/p>\n","protected":false},"author":1,"featured_media":0,"parent":0,"menu_order":0,"comment_status":"closed","ping_status":"closed","template":"page-templates\/no-title.php","meta":{"footnotes":""},"class_list":["post-6710","page","type-page","status-publish","hentry"],"featured_media_urls":[],"_links":{"self":[{"href":"https:\/\/iccies.tdtu.edu.vn\/2025\/wp-json\/wp\/v2\/pages\/6710"}],"collection":[{"href":"https:\/\/iccies.tdtu.edu.vn\/2025\/wp-json\/wp\/v2\/pages"}],"about":[{"href":"https:\/\/iccies.tdtu.edu.vn\/2025\/wp-json\/wp\/v2\/types\/page"}],"author":[{"embeddable":true,"href":"https:\/\/iccies.tdtu.edu.vn\/2025\/wp-json\/wp\/v2\/users\/1"}],"replies":[{"embeddable":true,"href":"https:\/\/iccies.tdtu.edu.vn\/2025\/wp-json\/wp\/v2\/comments?post=6710"}],"version-history":[{"count":11,"href":"https:\/\/iccies.tdtu.edu.vn\/2025\/wp-json\/wp\/v2\/pages\/6710\/revisions"}],"predecessor-version":[{"id":7511,"href":"https:\/\/iccies.tdtu.edu.vn\/2025\/wp-json\/wp\/v2\/pages\/6710\/revisions\/7511"}],"wp:attachment":[{"href":"https:\/\/iccies.tdtu.edu.vn\/2025\/wp-json\/wp\/v2\/media?parent=6710"}],"curies":[{"name":"wp","href":"https:\/\/api.w.org\/{rel}","templated":true}]}}